{"id":63,"date":"2025-08-25T23:49:32","date_gmt":"2025-08-26T03:49:32","guid":{"rendered":"https:\/\/tueventoideal.cl\/?post_type=product&#038;p=63"},"modified":"2025-08-25T23:58:41","modified_gmt":"2025-08-26T03:58:41","slug":"jurassic-world-dinosaurio-de-juguete-concavenator-de-12","status":"publish","type":"product","link":"https:\/\/tueventoideal.cl\/index.php\/producto\/jurassic-world-dinosaurio-de-juguete-concavenator-de-12\/","title":{"rendered":"JURASSIC WORLD DINOSAURIO DE JUGUETE CONCAVENATOR DE 12\u00bb"},"content":{"rendered":"<h2>JURASSIC WORLD DINOSAURIO DE JUGUETE CONCAVENATOR DE 12\u00bb<\/h2>\n<p>\u00a1Prep\u00e1rate para la emoci\u00f3n de la aventura y la acci\u00f3n con Jurassic World: Dominion con estas grandes figuras de dinosaurios, incluidas las especies que se presentan en la pel\u00edcula! Cada dinosaurio de juguete mide aproximadamente 15 cm de alto y 30 cm de largo. Hay varios tipos de dinosaurios disponibles: herb\u00edvoros y carn\u00edvoros, para ofrecer una variedad de opciones de juego. \u00a1Los ni\u00f1os de 3 a\u00f1os en adelante pueden empezar a jugar a rugir de inmediato a trav\u00e9s de este juego imaginativo! Cada figura tiene un dise\u00f1o y una decoraci\u00f3n realistas para jugar creativamente o hacer una feroz exhibici\u00f3n. \u00a1Tambi\u00e9n son ideales para viajes y jugar al aire libre! Se venden por separado y est\u00e1n sujetos a disponibilidad. Los colores y las decoraciones podr\u00edan variar.<\/p>\n","protected":false},"excerpt":{"rendered":"<p>JURASSIC WORLD DINOSAURIO DE JUGUETE CONCAVENATOR DE 12\u00bb \u00a1Prep\u00e1rate para la emoci\u00f3n de la aventura y la acci\u00f3n con Jurassic World: Dominion con estas grandes figuras de dinosaurios, incluidas las especies que se presentan en la pel\u00edcula! Cada dinosaurio de juguete mide aproximadamente 15 cm de alto y 30 cm de largo. Hay varios tipos [&hellip;]<\/p>\n","protected":false},"featured_media":64,"comment_status":"open","ping_status":"closed","template":"","meta":[],"product_brand":[],"product_cat":[15],"product_tag":[],"class_list":{"0":"post-63","1":"product","2":"type-product","3":"status-publish","4":"has-post-thumbnail","6":"product_cat-sin-categorizar","8":"first","9":"instock","10":"shipping-taxable","11":"purchasable","12":"product-type-simple"},"_links":{"self":[{"href":"https:\/\/tueventoideal.cl\/index.php\/wp-json\/wp\/v2\/product\/63","targetHints":{"allow":["GET"]}}],"collection":[{"href":"https:\/\/tueventoideal.cl\/index.php\/wp-json\/wp\/v2\/product"}],"about":[{"href":"https:\/\/tueventoideal.cl\/index.php\/wp-json\/wp\/v2\/types\/product"}],"replies":[{"embeddable":true,"href":"https:\/\/tueventoideal.cl\/index.php\/wp-json\/wp\/v2\/comments?post=63"}],"wp:featuredmedia":[{"embeddable":true,"href":"https:\/\/tueventoideal.cl\/index.php\/wp-json\/wp\/v2\/media\/64"}],"wp:attachment":[{"href":"https:\/\/tueventoideal.cl\/index.php\/wp-json\/wp\/v2\/media?parent=63"}],"wp:term":[{"taxonomy":"product_brand","embeddable":true,"href":"https:\/\/tueventoideal.cl\/index.php\/wp-json\/wp\/v2\/product_brand?post=63"},{"taxonomy":"product_cat","embeddable":true,"href":"https:\/\/tueventoideal.cl\/index.php\/wp-json\/wp\/v2\/product_cat?post=63"},{"taxonomy":"product_tag","embeddable":true,"href":"https:\/\/tueventoideal.cl\/index.php\/wp-json\/wp\/v2\/product_tag?post=63"}],"curies":[{"name":"wp","href":"https:\/\/api.w.org\/{rel}","templated":true}]}}